{"id":375,"date":"2018-05-03T14:28:58","date_gmt":"2018-05-03T21:28:58","guid":{"rendered":"https:\/\/www.eastasianlib.org\/newsite\/committees-2\/membership\/"},"modified":"2025-07-30T20:38:07","modified_gmt":"2025-07-31T03:38:07","slug":"membership","status":"publish","type":"page","link":"https:\/\/www.eastasianlib.org\/newsite\/membership\/","title":{"rendered":"Membership Committee"},"content":{"rendered":"<div id=\"pl-375\"  class=\"panel-layout\" ><div id=\"pg-375-0\"  class=\"panel-grid panel-no-style\" ><div id=\"pgc-375-0-0\"  class=\"panel-grid-cell\" ><div id=\"panel-375-0-0-0\" class=\"so-panel widget widget_sow-tabs panel-first-child panel-last-child\" data-index=\"0\" ><div\n\t\t\t\n\t\t\tclass=\"so-widget-sow-tabs so-widget-sow-tabs-default-05130e460f8b-375\"\n\t\t\t data-use-anchor-tags=\"true\"\n\t\t><div class=\"sow-tabs\">\n\t<div class=\"sow-tabs-tab-container\" role=\"tablist\">\n\t\t\t<div\n\t\t\tclass=\"sow-tabs-tab\n\t\t\t sow-tabs-tab-selected\t\t\t\"\n\t\t\trole=\"tab\"\n\t\t\tdata-anchor-id=\"about-the-committee\"\n\t\t\taria-selected=\"true\"\n\t\t\ttabindex=\"0\"\n\t\t>\n\t\t\t<div class=\"sow-tabs-title sow-tabs-title-icon-left\">\n\t\t\t\t\t\t\t\tAbout the Committee\t\t\t\t\t\t\t<\/div>\n\t\t<\/div>\n\t\t\t<div\n\t\t\tclass=\"sow-tabs-tab\n\t\t\t\t\t\t\"\n\t\t\trole=\"tab\"\n\t\t\tdata-anchor-id=\"members-2025-2028\"\n\t\t\taria-selected=\"false\"\n\t\t\ttabindex=\"0\"\n\t\t>\n\t\t\t<div class=\"sow-tabs-title sow-tabs-title-icon-left\">\n\t\t\t\t\t\t\t\tMembers (2025-2028)\t\t\t\t\t\t\t<\/div>\n\t\t<\/div>\n\t\t<\/div>\n\n\t<div class=\"sow-tabs-panel-container\">\n\t\t\t<div class=\"sow-tabs-panel\">\n\t\t\t<div\n\t\t\t\tclass=\"sow-tabs-panel-content\"\n\t\t\t\trole=\"tabpanel\"\n\t\t\t\taria-hidden=\"false\"\n\t\t\t>\n\t\t\t\t<p>Membership Committee is one of CEAL's standing committees with appointed chairs by the President. Its primary duties include:<\/p>\n<ul>\n<li>Creating, maintaining, and disseminating membership records in cooperation with the Treasurer.<\/li>\n<li>Expanding membership via active recruitment activities.<\/li>\n<li>Keeping the offline CEAL directory up-to-date.<\/li>\n<li>Developing and promoting mentoring programs.<\/li>\n<\/ul>\n<p>Please go to the\u00a0<a href=\"https:\/\/www.eastasianlib.org\/newsite\/meetings\/\" target=\"_blank\" rel=\"noopener\">annual meeting<\/a>\u00a0page for committee programs at the CEAL annual meeting.<\/p>\n\t\t\t<\/div>\n\t\t<\/div>\n\t\t\t<div class=\"sow-tabs-panel\">\n\t\t\t<div\n\t\t\t\tclass=\"sow-tabs-panel-content\"\n\t\t\t\trole=\"tabpanel\"\n\t\t\t\taria-hidden=\"true\"\n\t\t\t>\n\t\t\t\t<ul>\n<li><strong>Xi Chen, Chair<\/strong> (University of California San Diego)<br \/>\nSally T. WongAvery Librarian of Chinese Studies &amp; East Asia Collection Strategist<br \/>\n<a href=\"mailto:xic031@ucsd.edu\">xic031@ucsd.edu<\/a><\/li>\n<li><strong>Shuqi Ye<\/strong> (University of Minnesota)<br \/>\nEast Asia Studies Librarian<br \/>\n<a href=\"mailto:shuqi@umn.edu\">shuqi@umn.edu<\/a><\/li>\n<li style=\"font-weight: 400\"><b>Shan Yi<\/b><span style=\"font-weight: 400\"> (University of Texas, Austin)\u00a0<\/span><span style=\"font-weight: 400\"><br \/>\n<\/span><span style=\"font-weight: 400\">East Asian Studies Librarian<\/span><span style=\"font-weight: 400\"><br \/>\n<\/span><a href=\"mailto:yi.shan@austin.utexas.edu\">yi.shan@austin.utexas.edu<\/a><\/li>\n<li style=\"font-weight: 400\"><b>Andrew Yip<\/b><span style=\"font-weight: 400\"> (University of Toronto)<\/span><span style=\"font-weight: 400\"><br \/>\n<\/span><span style=\"font-weight: 400\">Chinese Studies Librarian <\/span><span style=\"font-weight: 400\"><br \/>\n<\/span><a href=\"mailto:andrewch.ip@utoronto.ca\"><span style=\"font-weight: 400\">andrewch.ip@utoronto.ca <\/span><\/a><\/li>\n<li style=\"font-weight: 400\"><b>Shuo Liang<\/b><span style=\"font-weight: 400\"> (University of Chicago)\u00a0<\/span><span style=\"font-weight: 400\"><br \/>\n<\/span><span style=\"font-weight: 400\">Chinese Studies Librarian <\/span><span style=\"font-weight: 400\"><br \/>\n<\/span><a href=\"mailto:sliang2@uchicago.edu\"><span style=\"font-weight: 400\">sliang2@uchicago.edu<\/span><\/a><\/li>\n<li><strong>Benito Castro Perez<\/strong> (<span style=\"font-weight: 400\">Bibli\u00f3grafo asignado al Centro de Estudios de Asia y \u00c1frica<\/span>)<br \/>\n<span data-olk-copy-source=\"MessageBody\">Bibliotec\u00f3logo Acad\u00e9mico en la Biblioteca Daniel Cos\u00edo Villegas<\/span><br \/>\n<a href=\"mailto:bcastro@colmex.mx\">bcastro@colmex.mx<\/a><\/li>\n<li style=\"font-weight: 400\"><span style=\"font-weight: 400\"><strong>Adam H Lisbon<\/strong> (University of Colorado Boulder)\u00a0<\/span><span style=\"font-weight: 400\"><br \/>\n<\/span><span style=\"font-weight: 400\">Japanese and Korean Studies Librarian<\/span><span style=\"font-weight: 400\"><br \/>\n<\/span><a href=\"mailto:adam.lisbon@colorado.edu\">adam.lisbon@colorado.edu<\/a><\/li>\n<li><span style=\"font-weight: 400\"><strong>Sae Yong Kim<\/strong> (University of British Columbia)\u00a0<\/span><span style=\"font-weight: 400\"><br \/>\n<\/span><span style=\"font-weight: 400\">Korean Studies and Dentistry-Medicine Reference Librarian<\/span><span style=\"font-weight: 400\"><br \/>\n<\/span><a href=\"mailto:saeyong.kim@ubc.ca\">saeyong.kim@ubc.ca<\/a><\/li>\n<li><span style=\"font-weight: 400\"><strong>Lynette K Teruya<\/strong> (University of Hawai\u02bbi at M\u0101noa Library)\u00a0<\/span><span style=\"font-weight: 400\"><br \/>\n<\/span><span style=\"font-weight: 400\">Okinawa Studies Librarian<\/span><span style=\"font-weight: 400\"><br \/>\n<\/span><a href=\"mailto:lynettet@hawaii.edu\">lynettet@hawaii.edu<\/a><\/li>\n<\/ul>\n<p>Ex Officio: Su Chen (CEAL President)<\/p>\n\t\t\t<\/div>\n\t\t<\/div>\n\t\t<\/div>\n<\/div>\n<\/div><\/div><\/div><\/div><\/div>","protected":false},"excerpt":{"rendered":"<p>About the Committee Members (2025-2028) Membership Committee is one of CEAL&#8217;s standing committees with appointed chairs by the President. Its primary duties include: Creating, maintaining, and disseminating membership records in cooperation with the Treasurer. Expanding membership via active recruitment activities. Keeping the offline CEAL directory up-to-date. Developing and promoting mentoring programs. Please go to the\u00a0annual [&hellip;]<\/p>\n","protected":false},"author":1,"featured_media":0,"parent":0,"menu_order":13,"comment_status":"closed","ping_status":"closed","template":"","meta":{"footnotes":"","_links_to":"","_links_to_target":"","advanced-sidebar-menu\/link-title":"","advanced-sidebar-menu\/exclude-page":false},"ppma_author":[294,319],"class_list":["post-375","page","type-page","status-publish","czr-hentry"],"_links":{"self":[{"href":"https:\/\/www.eastasianlib.org\/newsite\/wp-json\/wp\/v2\/pages\/375","targetHints":{"allow":["GET"]}}],"collection":[{"href":"https:\/\/www.eastasianlib.org\/newsite\/wp-json\/wp\/v2\/pages"}],"about":[{"href":"https:\/\/www.eastasianlib.org\/newsite\/wp-json\/wp\/v2\/types\/page"}],"author":[{"embeddable":true,"href":"https:\/\/www.eastasianlib.org\/newsite\/wp-json\/wp\/v2\/users\/1"}],"replies":[{"embeddable":true,"href":"https:\/\/www.eastasianlib.org\/newsite\/wp-json\/wp\/v2\/comments?post=375"}],"version-history":[{"count":47,"href":"https:\/\/www.eastasianlib.org\/newsite\/wp-json\/wp\/v2\/pages\/375\/revisions"}],"predecessor-version":[{"id":9919,"href":"https:\/\/www.eastasianlib.org\/newsite\/wp-json\/wp\/v2\/pages\/375\/revisions\/9919"}],"wp:attachment":[{"href":"https:\/\/www.eastasianlib.org\/newsite\/wp-json\/wp\/v2\/media?parent=375"}],"wp:term":[{"taxonomy":"author","embeddable":true,"href":"https:\/\/www.eastasianlib.org\/newsite\/wp-json\/wp\/v2\/ppma_author?post=375"}],"curies":[{"name":"wp","href":"https:\/\/api.w.org\/{rel}","templated":true}]}}